{"id":479,"date":"2025-12-22T10:55:13","date_gmt":"2025-12-22T09:55:13","guid":{"rendered":"https:\/\/villapolpo.nl\/?page_id=479"},"modified":"2025-12-22T12:14:58","modified_gmt":"2025-12-22T11:14:58","slug":"in-de-omgeving","status":"publish","type":"page","link":"https:\/\/villapolpo.nl\/en\/in-de-omgeving\/","title":{"rendered":"Unforgettable experiences"},"content":{"rendered":"<div class=\"wp-block-cover alignfull is-style-villa-hero\" style=\"min-height:479px;aspect-ratio:unset;\"><img loading=\"lazy\" decoding=\"async\" width=\"1000\" height=\"667\" class=\"wp-block-cover__image-background wp-image-486 size-full\" alt=\"\" src=\"https:\/\/villapolpo.nl\/wp-content\/uploads\/2025\/12\/Wijnproeverij-website.jpg\" data-object-fit=\"cover\" srcset=\"https:\/\/villapolpo.nl\/wp-content\/uploads\/2025\/12\/Wijnproeverij-website.jpg 1000w, https:\/\/villapolpo.nl\/wp-content\/uploads\/2025\/12\/Wijnproeverij-website-300x200.jpg 300w, https:\/\/villapolpo.nl\/wp-content\/uploads\/2025\/12\/Wijnproeverij-website-768x512.jpg 768w, https:\/\/villapolpo.nl\/wp-content\/uploads\/2025\/12\/Wijnproeverij-website-50x33.jpg 50w, https:\/\/villapolpo.nl\/wp-content\/uploads\/2025\/12\/Wijnproeverij-website-600x400.jpg 600w\" sizes=\"auto, (max-width: 1000px) 100vw, 1000px\" \/><span aria-hidden=\"true\" class=\"wp-block-cover__background has-base-background-color has-background-dim-0 has-background-dim\"><\/span><div class=\"wp-block-cover__inner-container has-global-padding is-layout-constrained wp-block-cover-is-layout-constrained\">\n<div class=\"wp-block-group alignwide has-wit-color has-text-color has-link-color wp-elements-7f36b8ac4ca570305da420c168368218 has-global-padding is-content-justification-left is-layout-constrained wp-container-core-group-is-layout-cc1c0e03 wp-block-group-is-layout-constrained\" style=\"padding-right:var(--wp--preset--spacing--10);padding-left:var(--wp--preset--spacing--10)\">\n<div style=\"height:100px\" aria-hidden=\"true\" class=\"wp-block-spacer\"><\/div>\n\n\n\n<p class=\"has-text-align-left has-primary-color has-text-color has-link-color has-x-large-font-size wp-elements-46d9de73929e411acdf1f580fa79992b\" style=\"letter-spacing:1px\"><strong>VILLA POLPO<\/strong><\/p>\n\n\n\n<h1 class=\"wp-block-heading has-wit-color has-text-color has-link-color wp-elements-5bc0386f76bd7f8beea11d4d1e567bf5\" style=\"font-style:normal;font-weight:700\"><strong>ONVERGETELIJKE ERVARINGEN<\/strong><\/h1>\n\n\n\n<div style=\"height:29px\" aria-hidden=\"true\" class=\"wp-block-spacer\"><\/div>\n\n\n\n<div class=\"wp-block-buttons is-layout-flex wp-block-buttons-is-layout-flex\">\n<div class=\"wp-block-button\"><a class=\"wp-block-button__link wp-element-button\" href=\"#boeken\">Booking and availability<\/a><\/div>\n\n\n\n<div class=\"wp-block-button is-style-outline is-style-outline--1\"><a class=\"wp-block-button__link wp-element-button\" href=\"https:\/\/villapolpo.nl\/en\/afbeeldingen\/\">Images<\/a><\/div>\n<\/div>\n<\/div>\n<\/div><\/div>\n\n\n\n<h2 class=\"wp-block-heading\">Restaurants in de omgeving van Villa Polpo<\/h2>\n\n\n\n<p>De Pugliese keuken staat bekend om de hoge kwaliteit gerechten gemaakt van lokale verse producten aangevuld met uitstekende lokale wijnen. Als gast van Villa Polpo heb je een ruime keuze aan geweldige restaurants aan de kust waar verse vis goed op het menu is vertegenwoordigd, \u00e9n prachtige restaurants bijvoorbeeld richting Valle d\u2019Itri\u00eb waar vlees en worst, bereid volgens aloud lokaal recept, op de kaart te vinden is. De vegetari\u00ebr vindt een ruim aanbod aan geweldige antipasti en heerlijke verse traditioneel Pugliese orecchiette pasta \u00e9n in veel restaurants worden glutenvrije gerechten\/pizza aangeboden.&nbsp;<\/p>\n\n\n\n<div class=\"wp-block-columns is-layout-flex wp-container-core-columns-is-layout-28f84493 wp-block-columns-is-layout-flex\">\n<div class=\"wp-block-column is-layout-flow wp-block-column-is-layout-flow\" style=\"flex-basis:50%\">\n<figure class=\"wp-block-image size-large\"><img loading=\"lazy\" decoding=\"async\" width=\"819\" height=\"1024\" src=\"https:\/\/villapolpo.nl\/wp-content\/uploads\/2025\/12\/Restaurant-Onvergetelijk-819x1024.png\" alt=\"\" class=\"wp-image-499\" srcset=\"https:\/\/villapolpo.nl\/wp-content\/uploads\/2025\/12\/Restaurant-Onvergetelijk-819x1024.png 819w, https:\/\/villapolpo.nl\/wp-content\/uploads\/2025\/12\/Restaurant-Onvergetelijk-240x300.png 240w, https:\/\/villapolpo.nl\/wp-content\/uploads\/2025\/12\/Restaurant-Onvergetelijk-768x960.png 768w, https:\/\/villapolpo.nl\/wp-content\/uploads\/2025\/12\/Restaurant-Onvergetelijk-50x63.png 50w, https:\/\/villapolpo.nl\/wp-content\/uploads\/2025\/12\/Restaurant-Onvergetelijk.png 1080w\" sizes=\"auto, (max-width: 819px) 100vw, 819px\" \/><\/figure>\n<\/div>\n\n\n\n<div class=\"wp-block-column is-layout-flow wp-block-column-is-layout-flow\" style=\"flex-basis:50%\">\n<h3 class=\"wp-block-heading\">Top 10 ONVERGETELIJKE restaurants<\/h3>\n\n\n\n<ol class=\"wp-block-list\">\n<li>Gi\u00e0 Sotto L\u2019arco, Carovigno (had 1 Michelin ster)<\/li>\n\n\n\n<li>Dissapore ristorante di Andrea Catalano, Carovigno (1 Michelin ster)<\/li>\n\n\n\n<li>Osteria Casale Ferrovia, Carovigno (1 Michelin ster)<\/li>\n\n\n\n<li>Gab\u00f2, Ostuni<\/li>\n\n\n\n<li>Osteria della Gelosia, Ostuni<\/li>\n\n\n\n<li>Cielo, Ostuni (Michelin Gourmet)<\/li>\n\n\n\n<li>Osteria del Tempo Perso, Ostuni<\/li>\n\n\n\n<li>Lido Bosco Verde, Pilone<\/li>\n\n\n\n<li>Flower Beach Club, Specchiola (Sushi)<\/li>\n\n\n\n<li>Paragon 700, Ostuni<\/li>\n<\/ol>\n<\/div>\n<\/div>\n\n\n\n<div class=\"wp-block-columns is-layout-flex wp-container-core-columns-is-layout-28f84493 wp-block-columns-is-layout-flex\">\n<div class=\"wp-block-column is-layout-flow wp-block-column-is-layout-flow\" style=\"flex-basis:50%\">\n<h3 class=\"wp-block-heading\">Top 10 GEWELDIGE restaurants<\/h3>\n\n\n\n<ol class=\"wp-block-list\">\n<li>Dish, Ostuni<\/li>\n\n\n\n<li>XFood, San Vito dei Normanni<\/li>\n\n\n\n<li>Sommarco, Carovigno<\/li>\n\n\n\n<li>Osteria &amp; Braceria Koin\u00e8, Ceglie Messapica&nbsp;<\/li>\n\n\n\n<li>Ristorante Miramare da Michele, Santa Sabina<\/li>\n\n\n\n<li>Chechele, Carovigno, (Vis)<\/li>\n\n\n\n<li>La Nassa, Brindisi<\/li>\n\n\n\n<li>Cibus, Ceglie Messapica (Michelin Bib Gourmand)<\/li>\n\n\n\n<li>La Locanda di nonna mena, San Vito dei Normanni<\/li>\n\n\n\n<li>Dentromare, Specchiola<\/li>\n<\/ol>\n<\/div>\n\n\n\n<div class=\"wp-block-column is-layout-flow wp-block-column-is-layout-flow\" style=\"flex-basis:50%\">\n<figure class=\"wp-block-image size-large\"><img loading=\"lazy\" decoding=\"async\" width=\"819\" height=\"1024\" src=\"https:\/\/villapolpo.nl\/wp-content\/uploads\/2025\/12\/Restaurant-Geweldig-819x1024.png\" alt=\"\" class=\"wp-image-500\" srcset=\"https:\/\/villapolpo.nl\/wp-content\/uploads\/2025\/12\/Restaurant-Geweldig-819x1024.png 819w, https:\/\/villapolpo.nl\/wp-content\/uploads\/2025\/12\/Restaurant-Geweldig-240x300.png 240w, https:\/\/villapolpo.nl\/wp-content\/uploads\/2025\/12\/Restaurant-Geweldig-768x960.png 768w, https:\/\/villapolpo.nl\/wp-content\/uploads\/2025\/12\/Restaurant-Geweldig-50x63.png 50w, https:\/\/villapolpo.nl\/wp-content\/uploads\/2025\/12\/Restaurant-Geweldig.png 1080w\" sizes=\"auto, (max-width: 819px) 100vw, 819px\" \/><\/figure>\n<\/div>\n<\/div>\n\n\n\n<div class=\"wp-block-columns is-layout-flex wp-container-core-columns-is-layout-28f84493 wp-block-columns-is-layout-flex\">\n<div class=\"wp-block-column is-layout-flow wp-block-column-is-layout-flow\" style=\"flex-basis:50%\">\n<figure class=\"wp-block-image size-large\"><img loading=\"lazy\" decoding=\"async\" width=\"819\" height=\"1024\" src=\"https:\/\/villapolpo.nl\/wp-content\/uploads\/2025\/12\/Restaurant-Leuk-819x1024.png\" alt=\"\" class=\"wp-image-498\" srcset=\"https:\/\/villapolpo.nl\/wp-content\/uploads\/2025\/12\/Restaurant-Leuk-819x1024.png 819w, https:\/\/villapolpo.nl\/wp-content\/uploads\/2025\/12\/Restaurant-Leuk-240x300.png 240w, https:\/\/villapolpo.nl\/wp-content\/uploads\/2025\/12\/Restaurant-Leuk-768x960.png 768w, https:\/\/villapolpo.nl\/wp-content\/uploads\/2025\/12\/Restaurant-Leuk-50x63.png 50w, https:\/\/villapolpo.nl\/wp-content\/uploads\/2025\/12\/Restaurant-Leuk.png 1080w\" sizes=\"auto, (max-width: 819px) 100vw, 819px\" \/><\/figure>\n<\/div>\n\n\n\n<div class=\"wp-block-column is-layout-flow wp-block-column-is-layout-flow\" style=\"flex-basis:50%\">\n<h3 class=\"wp-block-heading\">Top 10 LEUKE restaurants<\/h3>\n\n\n\n<ol class=\"wp-block-list\">\n<li>La Cantina, Carovigno<\/li>\n\n\n\n<li>Borgo d\u2019Antico, Ostuni<\/li>\n\n\n\n<li>Da Franco, Ceglie Messapica<\/li>\n\n\n\n<li>Ristorante Pizzeria Il Vulcano, San Vito -&gt; ook GV<\/li>\n\n\n\n<li>Pizzeria Fiscolo, Ceglie Messapica -&gt; ook GV<\/li>\n\n\n\n<li>Lido Tiziana, Specchiolla&nbsp;<\/li>\n\n\n\n<li>Chirico Bistrot, Cisternino<\/li>\n\n\n\n<li>Pizzeria La Rosa, Carovigno -&gt; ook GV<\/li>\n\n\n\n<li>Pizza Divina, Martina Franca -&gt; hele goede GV<\/li>\n\n\n\n<li>La Locanda del porto, Brindisi<\/li>\n<\/ol>\n<\/div>\n<\/div>\n\n\n\n<h2 class=\"wp-block-heading\">Stranden en Beachclubs<\/h2>\n\n\n\n<div class=\"wp-block-columns is-layout-flex wp-container-core-columns-is-layout-28f84493 wp-block-columns-is-layout-flex\">\n<div class=\"wp-block-column is-layout-flow wp-block-column-is-layout-flow\" style=\"flex-basis:50%\">\n<h3 class=\"wp-block-heading\">Publieke stranden in de omgeving<\/h3>\n\n\n\n<ul class=\"wp-block-list\">\n<li>Spiaggia di Specchiolla 3,5 km<\/li>\n\n\n\n<li>Spiaggia di Morgicchio 4,4 km<\/li>\n\n\n\n<li>Spiaggia Torre Guaceto 4,4 km<\/li>\n\n\n\n<li>Spiaggia di Pantanagianni Grande 5 km<\/li>\n\n\n\n<li>Spiaggia Apani 6 km<\/li>\n<\/ul>\n<\/div>\n\n\n\n<div class=\"wp-block-column is-layout-flow wp-block-column-is-layout-flow\" style=\"flex-basis:50%\">\n<figure class=\"wp-block-image size-large\"><img loading=\"lazy\" decoding=\"async\" width=\"819\" height=\"1024\" src=\"https:\/\/villapolpo.nl\/wp-content\/uploads\/2025\/12\/Stranden-819x1024.png\" alt=\"\" class=\"wp-image-501\" srcset=\"https:\/\/villapolpo.nl\/wp-content\/uploads\/2025\/12\/Stranden-819x1024.png 819w, https:\/\/villapolpo.nl\/wp-content\/uploads\/2025\/12\/Stranden-240x300.png 240w, https:\/\/villapolpo.nl\/wp-content\/uploads\/2025\/12\/Stranden-768x960.png 768w, https:\/\/villapolpo.nl\/wp-content\/uploads\/2025\/12\/Stranden-50x63.png 50w, https:\/\/villapolpo.nl\/wp-content\/uploads\/2025\/12\/Stranden.png 1080w\" sizes=\"auto, (max-width: 819px) 100vw, 819px\" \/><\/figure>\n<\/div>\n<\/div>\n\n\n\n<div class=\"wp-block-columns is-layout-flex wp-container-core-columns-is-layout-28f84493 wp-block-columns-is-layout-flex\">\n<div class=\"wp-block-column is-layout-flow wp-block-column-is-layout-flow\" style=\"flex-basis:50%\">\n<figure class=\"wp-block-image size-large\"><img loading=\"lazy\" decoding=\"async\" width=\"819\" height=\"1024\" src=\"https:\/\/villapolpo.nl\/wp-content\/uploads\/2025\/12\/Beach-Clubs-819x1024.png\" alt=\"\" class=\"wp-image-502\" srcset=\"https:\/\/villapolpo.nl\/wp-content\/uploads\/2025\/12\/Beach-Clubs-819x1024.png 819w, https:\/\/villapolpo.nl\/wp-content\/uploads\/2025\/12\/Beach-Clubs-240x300.png 240w, https:\/\/villapolpo.nl\/wp-content\/uploads\/2025\/12\/Beach-Clubs-768x960.png 768w, https:\/\/villapolpo.nl\/wp-content\/uploads\/2025\/12\/Beach-Clubs-50x63.png 50w, https:\/\/villapolpo.nl\/wp-content\/uploads\/2025\/12\/Beach-Clubs.png 1080w\" sizes=\"auto, (max-width: 819px) 100vw, 819px\" \/><\/figure>\n<\/div>\n\n\n\n<div class=\"wp-block-column is-layout-flow wp-block-column-is-layout-flow\" style=\"flex-basis:50%\">\n<h3 class=\"wp-block-heading\">Beach clubs in de omgeving<\/h3>\n\n\n\n<p>Guna Beach Club, 11 km<\/p>\n\n\n\n<p>Flower Beach Club, 8 km<br>Kala Maka<\/p>\n<\/div>\n<\/div>\n\n\n\n<div class=\"wp-block-columns is-layout-flex wp-container-core-columns-is-layout-28f84493 wp-block-columns-is-layout-flex\">\n<div class=\"wp-block-column is-layout-flow wp-block-column-is-layout-flow\" style=\"flex-basis:50%\">\n<h3 class=\"wp-block-heading\"><strong>Natuur in de omgeving<\/strong><\/h3>\n\n\n\n<p>Grotten<\/p>\n\n\n\n<p>Torre Gauceto<\/p>\n\n\n\n<p>Hiking Trail bij Brindisi<\/p>\n<\/div>\n\n\n\n<div class=\"wp-block-column is-layout-flow wp-block-column-is-layout-flow\" style=\"flex-basis:50%\">\n<figure class=\"wp-block-image size-large\"><img loading=\"lazy\" decoding=\"async\" width=\"819\" height=\"1024\" src=\"https:\/\/villapolpo.nl\/wp-content\/uploads\/2025\/12\/Top-5-natuur-819x1024.png\" alt=\"\" class=\"wp-image-503\" srcset=\"https:\/\/villapolpo.nl\/wp-content\/uploads\/2025\/12\/Top-5-natuur-819x1024.png 819w, https:\/\/villapolpo.nl\/wp-content\/uploads\/2025\/12\/Top-5-natuur-240x300.png 240w, https:\/\/villapolpo.nl\/wp-content\/uploads\/2025\/12\/Top-5-natuur-768x960.png 768w, https:\/\/villapolpo.nl\/wp-content\/uploads\/2025\/12\/Top-5-natuur-50x63.png 50w, https:\/\/villapolpo.nl\/wp-content\/uploads\/2025\/12\/Top-5-natuur.png 1080w\" sizes=\"auto, (max-width: 819px) 100vw, 819px\" \/><\/figure>\n<\/div>\n<\/div>\n\n\n\n<div class=\"wp-block-columns is-layout-flex wp-container-core-columns-is-layout-28f84493 wp-block-columns-is-layout-flex\">\n<div class=\"wp-block-column is-layout-flow wp-block-column-is-layout-flow\" style=\"flex-basis:50%\">\n<figure class=\"wp-block-image size-large\"><img loading=\"lazy\" decoding=\"async\" width=\"819\" height=\"1024\" src=\"https:\/\/villapolpo.nl\/wp-content\/uploads\/2025\/12\/Top-5-onvergetelijke-ervaringen-819x1024.png\" alt=\"\" class=\"wp-image-504\" srcset=\"https:\/\/villapolpo.nl\/wp-content\/uploads\/2025\/12\/Top-5-onvergetelijke-ervaringen-819x1024.png 819w, https:\/\/villapolpo.nl\/wp-content\/uploads\/2025\/12\/Top-5-onvergetelijke-ervaringen-240x300.png 240w, https:\/\/villapolpo.nl\/wp-content\/uploads\/2025\/12\/Top-5-onvergetelijke-ervaringen-768x960.png 768w, https:\/\/villapolpo.nl\/wp-content\/uploads\/2025\/12\/Top-5-onvergetelijke-ervaringen-50x63.png 50w, https:\/\/villapolpo.nl\/wp-content\/uploads\/2025\/12\/Top-5-onvergetelijke-ervaringen.png 1080w\" sizes=\"auto, (max-width: 819px) 100vw, 819px\" \/><\/figure>\n<\/div>\n\n\n\n<div class=\"wp-block-column is-layout-flow wp-block-column-is-layout-flow\" style=\"flex-basis:50%\">\n<h3 class=\"wp-block-heading\"><strong>Activities in the area<\/strong><\/h3>\n\n\n\n<p>Wijnproeverij Pop Puglia<\/p>\n\n\n\n<p>Olijfolie proeverij Masseria Brancati<\/p>\n\n\n\n<p>Kaasfabriek Caseficio<\/p>\n\n\n\n<p>Pastaworkshop Nonna Dora<\/p>\n\n\n\n<p>Boothuur<\/p>\n<\/div>\n<\/div>\n\n\n\n<h3 class=\"wp-block-heading\">Dorpen in de buurt<\/h3>\n\n\n\n<p>Also check out<a href=\"https:\/\/villapolpo.nl\/en\/omliggende-dorpen\/\"> all the villages<\/a> die je vanuit Villa Polpo makkelijk kunt bezoeken. Elk dorp heeft zijn eigen karakter en is het bezoeken waard!<\/p>\n\n\n\n<div class=\"wp-block-group has-global-padding is-layout-constrained wp-block-group-is-layout-constrained\">\n<h2 class=\"wp-block-heading has-text-align-center\">Booking Villa Polpo<\/h2>\n\n\n\n<p class=\"has-text-align-center\">Come and enjoy, book your stay at Villa Polpo and discover the real Italy in Puglia. Check our availability and send your request for an unforgettable stay at Villa Polpo.<\/p>\n\n\n\n<div class=\"wp-block-buttons is-content-justification-center is-layout-flex wp-container-core-buttons-is-layout-a89b3969 wp-block-buttons-is-layout-flex\">\n<div class=\"wp-block-button\"><a class=\"wp-block-button__link has-text-align-center wp-element-button\" href=\"https:\/\/villapolpo.nl\/en\/details-boeken\/\">Book now<\/a><\/div>\n<\/div>\n\n\n\n<p><\/p>\n<\/div>","protected":false},"excerpt":{"rendered":"<p>Restaurants in de omgeving van Villa Polpo De Pugliese keuken staat bekend om de hoge kwaliteit gerechten gemaakt van lokale verse producten aangevuld met uitstekende lokale wijnen. Als gast van Villa Polpo heb je een ruime keuze aan geweldige restaurants aan de kust waar verse vis goed op het menu is vertegenwoordigd, \u00e9n prachtige restaurants &hellip; <a href=\"https:\/\/villapolpo.nl\/en\/in-de-omgeving\/\">Continued<\/a><\/p>","protected":false},"author":1,"featured_media":0,"parent":0,"menu_order":0,"comment_status":"closed","ping_status":"closed","template":"page-landing","meta":{"footnotes":""},"class_list":["post-479","page","type-page","status-publish","hentry"],"yoast_head":"<!-- This site is optimized with the Yoast SEO plugin v27.0 - https:\/\/yoast.com\/product\/yoast-seo-wordpress\/ -->\n<title>Onvergetelijke ervaringen - Villa Polpo<\/title>\n<meta name=\"robots\" content=\"index, follow, max-snippet:-1, max-image-preview:large, max-video-preview:-1\" \/>\n<link rel=\"canonical\" href=\"https:\/\/villapolpo.nl\/en\/in-de-omgeving\/\" \/>\n<meta property=\"og:locale\" content=\"en_US\" \/>\n<meta property=\"og:type\" content=\"article\" \/>\n<meta property=\"og:title\" content=\"Onvergetelijke ervaringen - Villa Polpo\" \/>\n<meta property=\"og:description\" content=\"Restaurants in de omgeving van Villa Polpo De Pugliese keuken staat bekend om de hoge kwaliteit gerechten gemaakt van lokale verse producten aangevuld met uitstekende lokale wijnen. Als gast van Villa Polpo heb je een ruime keuze aan geweldige restaurants aan de kust waar verse vis goed op het menu is vertegenwoordigd, \u00e9n prachtige restaurants &hellip; Continued\" \/>\n<meta property=\"og:url\" content=\"https:\/\/villapolpo.nl\/en\/in-de-omgeving\/\" \/>\n<meta property=\"og:site_name\" content=\"Villa Polpo\" \/>\n<meta property=\"article:modified_time\" content=\"2025-12-22T11:14:58+00:00\" \/>\n<meta property=\"og:image\" content=\"https:\/\/villapolpo.nl\/wp-content\/uploads\/2025\/12\/Wijnproeverij-website.jpg\" \/>\n\t<meta property=\"og:image:width\" content=\"1000\" \/>\n\t<meta property=\"og:image:height\" content=\"667\" \/>\n\t<meta property=\"og:image:type\" content=\"image\/jpeg\" \/>\n<meta name=\"twitter:card\" content=\"summary_large_image\" \/>\n<meta name=\"twitter:label1\" content=\"Est. reading time\" \/>\n\t<meta name=\"twitter:data1\" content=\"4 minutes\" \/>\n<script type=\"application\/ld+json\" class=\"yoast-schema-graph\">{\"@context\":\"https:\/\/schema.org\",\"@graph\":[{\"@type\":\"WebPage\",\"@id\":\"https:\/\/villapolpo.nl\/in-de-omgeving\/\",\"url\":\"https:\/\/villapolpo.nl\/in-de-omgeving\/\",\"name\":\"Onvergetelijke ervaringen - Villa Polpo\",\"isPartOf\":{\"@id\":\"https:\/\/villapolpo.nl\/#website\"},\"primaryImageOfPage\":{\"@id\":\"https:\/\/villapolpo.nl\/in-de-omgeving\/#primaryimage\"},\"image\":{\"@id\":\"https:\/\/villapolpo.nl\/in-de-omgeving\/#primaryimage\"},\"thumbnailUrl\":\"https:\/\/villapolpo.nl\/wp-content\/uploads\/2025\/12\/Wijnproeverij-website.jpg\",\"datePublished\":\"2025-12-22T09:55:13+00:00\",\"dateModified\":\"2025-12-22T11:14:58+00:00\",\"breadcrumb\":{\"@id\":\"https:\/\/villapolpo.nl\/in-de-omgeving\/#breadcrumb\"},\"inLanguage\":\"en-US\",\"potentialAction\":[{\"@type\":\"ReadAction\",\"target\":[\"https:\/\/villapolpo.nl\/in-de-omgeving\/\"]}]},{\"@type\":\"ImageObject\",\"inLanguage\":\"en-US\",\"@id\":\"https:\/\/villapolpo.nl\/in-de-omgeving\/#primaryimage\",\"url\":\"https:\/\/villapolpo.nl\/wp-content\/uploads\/2025\/12\/Wijnproeverij-website.jpg\",\"contentUrl\":\"https:\/\/villapolpo.nl\/wp-content\/uploads\/2025\/12\/Wijnproeverij-website.jpg\"},{\"@type\":\"BreadcrumbList\",\"@id\":\"https:\/\/villapolpo.nl\/in-de-omgeving\/#breadcrumb\",\"itemListElement\":[{\"@type\":\"ListItem\",\"position\":1,\"name\":\"Home\",\"item\":\"https:\/\/villapolpo.nl\/\"},{\"@type\":\"ListItem\",\"position\":2,\"name\":\"Onvergetelijke ervaringen\"}]},{\"@type\":\"WebSite\",\"@id\":\"https:\/\/villapolpo.nl\/#website\",\"url\":\"https:\/\/villapolpo.nl\/\",\"name\":\"Villa Polpo\",\"description\":\"\",\"publisher\":{\"@id\":\"https:\/\/villapolpo.nl\/#organization\"},\"potentialAction\":[{\"@type\":\"SearchAction\",\"target\":{\"@type\":\"EntryPoint\",\"urlTemplate\":\"https:\/\/villapolpo.nl\/?s={search_term_string}\"},\"query-input\":{\"@type\":\"PropertyValueSpecification\",\"valueRequired\":true,\"valueName\":\"search_term_string\"}}],\"inLanguage\":\"en-US\"},{\"@type\":\"Organization\",\"@id\":\"https:\/\/villapolpo.nl\/#organization\",\"name\":\"Villa Polpo\",\"url\":\"https:\/\/villapolpo.nl\/\",\"logo\":{\"@type\":\"ImageObject\",\"inLanguage\":\"en-US\",\"@id\":\"https:\/\/villapolpo.nl\/#\/schema\/logo\/image\/\",\"url\":\"https:\/\/villapolpo.nl\/wp-content\/uploads\/2024\/04\/villa-polpo-gold@3x.png\",\"contentUrl\":\"https:\/\/villapolpo.nl\/wp-content\/uploads\/2024\/04\/villa-polpo-gold@3x.png\",\"width\":617,\"height\":154,\"caption\":\"Villa Polpo\"},\"image\":{\"@id\":\"https:\/\/villapolpo.nl\/#\/schema\/logo\/image\/\"}}]}<\/script>\n<!-- \/ Yoast SEO plugin. -->","yoast_head_json":{"title":"Onvergetelijke ervaringen - Villa Polpo","robots":{"index":"index","follow":"follow","max-snippet":"max-snippet:-1","max-image-preview":"max-image-preview:large","max-video-preview":"max-video-preview:-1"},"canonical":"https:\/\/villapolpo.nl\/en\/in-de-omgeving\/","og_locale":"en_US","og_type":"article","og_title":"Onvergetelijke ervaringen - Villa Polpo","og_description":"Restaurants in de omgeving van Villa Polpo De Pugliese keuken staat bekend om de hoge kwaliteit gerechten gemaakt van lokale verse producten aangevuld met uitstekende lokale wijnen. Als gast van Villa Polpo heb je een ruime keuze aan geweldige restaurants aan de kust waar verse vis goed op het menu is vertegenwoordigd, \u00e9n prachtige restaurants &hellip; Continued","og_url":"https:\/\/villapolpo.nl\/en\/in-de-omgeving\/","og_site_name":"Villa Polpo","article_modified_time":"2025-12-22T11:14:58+00:00","og_image":[{"width":1000,"height":667,"url":"https:\/\/villapolpo.nl\/wp-content\/uploads\/2025\/12\/Wijnproeverij-website.jpg","type":"image\/jpeg"}],"twitter_card":"summary_large_image","twitter_misc":{"Est. reading time":"4 minutes"},"schema":{"@context":"https:\/\/schema.org","@graph":[{"@type":"WebPage","@id":"https:\/\/villapolpo.nl\/in-de-omgeving\/","url":"https:\/\/villapolpo.nl\/in-de-omgeving\/","name":"Onvergetelijke ervaringen - Villa Polpo","isPartOf":{"@id":"https:\/\/villapolpo.nl\/#website"},"primaryImageOfPage":{"@id":"https:\/\/villapolpo.nl\/in-de-omgeving\/#primaryimage"},"image":{"@id":"https:\/\/villapolpo.nl\/in-de-omgeving\/#primaryimage"},"thumbnailUrl":"https:\/\/villapolpo.nl\/wp-content\/uploads\/2025\/12\/Wijnproeverij-website.jpg","datePublished":"2025-12-22T09:55:13+00:00","dateModified":"2025-12-22T11:14:58+00:00","breadcrumb":{"@id":"https:\/\/villapolpo.nl\/in-de-omgeving\/#breadcrumb"},"inLanguage":"en-US","potentialAction":[{"@type":"ReadAction","target":["https:\/\/villapolpo.nl\/in-de-omgeving\/"]}]},{"@type":"ImageObject","inLanguage":"en-US","@id":"https:\/\/villapolpo.nl\/in-de-omgeving\/#primaryimage","url":"https:\/\/villapolpo.nl\/wp-content\/uploads\/2025\/12\/Wijnproeverij-website.jpg","contentUrl":"https:\/\/villapolpo.nl\/wp-content\/uploads\/2025\/12\/Wijnproeverij-website.jpg"},{"@type":"BreadcrumbList","@id":"https:\/\/villapolpo.nl\/in-de-omgeving\/#breadcrumb","itemListElement":[{"@type":"ListItem","position":1,"name":"Home","item":"https:\/\/villapolpo.nl\/"},{"@type":"ListItem","position":2,"name":"Onvergetelijke ervaringen"}]},{"@type":"WebSite","@id":"https:\/\/villapolpo.nl\/#website","url":"https:\/\/villapolpo.nl\/","name":"Villa Polpo","description":"","publisher":{"@id":"https:\/\/villapolpo.nl\/#organization"},"potentialAction":[{"@type":"SearchAction","target":{"@type":"EntryPoint","urlTemplate":"https:\/\/villapolpo.nl\/?s={search_term_string}"},"query-input":{"@type":"PropertyValueSpecification","valueRequired":true,"valueName":"search_term_string"}}],"inLanguage":"en-US"},{"@type":"Organization","@id":"https:\/\/villapolpo.nl\/#organization","name":"Villa Polpo","url":"https:\/\/villapolpo.nl\/","logo":{"@type":"ImageObject","inLanguage":"en-US","@id":"https:\/\/villapolpo.nl\/#\/schema\/logo\/image\/","url":"https:\/\/villapolpo.nl\/wp-content\/uploads\/2024\/04\/villa-polpo-gold@3x.png","contentUrl":"https:\/\/villapolpo.nl\/wp-content\/uploads\/2024\/04\/villa-polpo-gold@3x.png","width":617,"height":154,"caption":"Villa Polpo"},"image":{"@id":"https:\/\/villapolpo.nl\/#\/schema\/logo\/image\/"}}]}},"_links":{"self":[{"href":"https:\/\/villapolpo.nl\/en\/wp-json\/wp\/v2\/pages\/479","targetHints":{"allow":["GET"]}}],"collection":[{"href":"https:\/\/villapolpo.nl\/en\/wp-json\/wp\/v2\/pages"}],"about":[{"href":"https:\/\/villapolpo.nl\/en\/wp-json\/wp\/v2\/types\/page"}],"author":[{"embeddable":true,"href":"https:\/\/villapolpo.nl\/en\/wp-json\/wp\/v2\/users\/1"}],"replies":[{"embeddable":true,"href":"https:\/\/villapolpo.nl\/en\/wp-json\/wp\/v2\/comments?post=479"}],"version-history":[{"count":11,"href":"https:\/\/villapolpo.nl\/en\/wp-json\/wp\/v2\/pages\/479\/revisions"}],"predecessor-version":[{"id":516,"href":"https:\/\/villapolpo.nl\/en\/wp-json\/wp\/v2\/pages\/479\/revisions\/516"}],"wp:attachment":[{"href":"https:\/\/villapolpo.nl\/en\/wp-json\/wp\/v2\/media?parent=479"}],"curies":[{"name":"wp","href":"https:\/\/api.w.org\/{rel}","templated":true}]}}